{"id":82359,"date":"2018-01-04T12:51:55","date_gmt":"2018-01-04T10:51:55","guid":{"rendered":"https:\/\/www.petra-eng.com\/de\/?post_type=product&#038;p=82359"},"modified":"2018-03-04T12:48:47","modified_gmt":"2018-03-04T10:48:47","slug":"wpph-100-doas-water-cooled","status":"publish","type":"product","link":"https:\/\/www.petra-eng.com\/de\/product\/wpph-100-doas-water-cooled\/","title":{"rendered":"WPPH &#8211; 100 DOAS Water Cooled"},"content":{"rendered":"","protected":false},"excerpt":{"rendered":"<div id=\"PageControllerID\" class=\"ng-scope\">\n<div id=\"ContentDiv\" class=\"ng-scope\">\n<div class=\"ng-scope\">\n<div class=\"ng-scope\">\n<section class=\"page-content ng-scope\">\n<div class=\"container\">\n<div class=\"row\">\n<div class=\"col-md-9\">\n<div class=\"col-md-12 col-sm-12 col-xs-12 ng-scope\">\n<div class=\"toch-prond-area ProductDetailsContent\">\n<div class=\"toch-box\">\n<div class=\"row\">\n<div class=\"col-xs-12\">\n<div class=\"tab-content toch-description-review\">\n<div id=\"description\" class=\"tab-pane fade active in\">\n<div class=\"row\">\n<div class=\"col-xs-12\">\n<div class=\"toch-description\">\n<p>100\u2011%-Au\u00dfenluftger\u00e4te mit wassergek\u00fchlter Verfl\u00fcssigungseinheit von Petra<\/p>\n<p>&nbsp;<\/p>\n<p>&nbsp;<\/p>\n<\/div>\n<\/div>\n<\/div>\n<\/div>\n<\/div>\n<\/div>\n<\/div>\n<\/div>\n<\/div>\n<\/div>\n<\/div>\n<\/div>\n<\/div>\n<\/section>\n<\/div>\n<\/div>\n<\/div>\n<\/div>\n","protected":false},"featured_media":82362,"comment_status":"closed","ping_status":"closed","template":"","meta":[],"product_brand":[],"product_cat":[126],"product_tag":[261],"class_list":{"0":"post-82359","1":"product","2":"type-product","3":"status-publish","4":"has-post-thumbnail","6":"product_cat-kompaktgeraete","7":"product_tag-packages","9":"first","10":"instock","11":"shipping-taxable","12":"product-type-grouped"},"_links":{"self":[{"href":"https:\/\/www.petra-eng.com\/de\/wp-json\/wp\/v2\/product\/82359","targetHints":{"allow":["GET"]}}],"collection":[{"href":"https:\/\/www.petra-eng.com\/de\/wp-json\/wp\/v2\/product"}],"about":[{"href":"https:\/\/www.petra-eng.com\/de\/wp-json\/wp\/v2\/types\/product"}],"replies":[{"embeddable":true,"href":"https:\/\/www.petra-eng.com\/de\/wp-json\/wp\/v2\/comments?post=82359"}],"wp:featuredmedia":[{"embeddable":true,"href":"https:\/\/www.petra-eng.com\/de\/wp-json\/wp\/v2\/media\/82362"}],"wp:attachment":[{"href":"https:\/\/www.petra-eng.com\/de\/wp-json\/wp\/v2\/media?parent=82359"}],"wp:term":[{"taxonomy":"product_brand","embeddable":true,"href":"https:\/\/www.petra-eng.com\/de\/wp-json\/wp\/v2\/product_brand?post=82359"},{"taxonomy":"product_cat","embeddable":true,"href":"https:\/\/www.petra-eng.com\/de\/wp-json\/wp\/v2\/product_cat?post=82359"},{"taxonomy":"product_tag","embeddable":true,"href":"https:\/\/www.petra-eng.com\/de\/wp-json\/wp\/v2\/product_tag?post=82359"}],"curies":[{"name":"wp","href":"https:\/\/api.w.org\/{rel}","templated":true}]}}