{"id":76257,"date":"2017-03-10T17:45:40","date_gmt":"2017-03-10T15:45:40","guid":{"rendered":"https:\/\/www.petra-eng.com\/de\/?post_type=product&#038;p=76257"},"modified":"2018-03-04T12:36:57","modified_gmt":"2018-03-04T10:36:57","slug":"pph-standard","status":"publish","type":"product","link":"https:\/\/www.petra-eng.com\/de\/product\/pph-standard\/","title":{"rendered":"PPH &#8211; Standard"},"content":{"rendered":"","protected":false},"excerpt":{"rendered":"<div id=\"PageControllerID\" class=\"ng-scope\">\n<div id=\"ContentDiv\" class=\"ng-scope\">\n<div class=\"ng-scope\">\n<div class=\"ng-scope\">\n<section class=\"page-content ng-scope\">\n<div class=\"container\">\n<div class=\"row\">\n<div class=\"col-md-9\">\n<div class=\"col-md-12 col-sm-12 col-xs-12 ng-scope\">\n<div class=\"toch-prond-area ProductDetailsContent\">\n<div class=\"toch-box\">\n<div class=\"row\">\n<div class=\"col-xs-12\">\n<div class=\"tab-content toch-description-review\">\n<div id=\"description\" class=\"tab-pane fade active in\">\n<div class=\"row\">\n<div class=\"col-xs-12\">\n<div class=\"toch-description\">\n<p>Petra Dachger\u00e4te mit luftgek\u00fchlter Verfl\u00fcssigern und hermetischen Scrollverdichtern<\/p>\n<\/div>\n<\/div>\n<\/div>\n<\/div>\n<\/div>\n<\/div>\n<\/div>\n<\/div>\n<\/div>\n<\/div>\n<\/div>\n<\/div>\n<\/div>\n<\/section>\n<\/div>\n<\/div>\n<\/div>\n<\/div>\n","protected":false},"featured_media":76253,"comment_status":"closed","ping_status":"closed","template":"","meta":[],"product_brand":[],"product_cat":[126],"product_tag":[261],"class_list":{"0":"post-76257","1":"product","2":"type-product","3":"status-publish","4":"has-post-thumbnail","6":"product_cat-kompaktgeraete","7":"product_tag-packages","9":"first","10":"instock","11":"shipping-taxable","12":"product-type-grouped"},"_links":{"self":[{"href":"https:\/\/www.petra-eng.com\/de\/wp-json\/wp\/v2\/product\/76257","targetHints":{"allow":["GET"]}}],"collection":[{"href":"https:\/\/www.petra-eng.com\/de\/wp-json\/wp\/v2\/product"}],"about":[{"href":"https:\/\/www.petra-eng.com\/de\/wp-json\/wp\/v2\/types\/product"}],"replies":[{"embeddable":true,"href":"https:\/\/www.petra-eng.com\/de\/wp-json\/wp\/v2\/comments?post=76257"}],"wp:featuredmedia":[{"embeddable":true,"href":"https:\/\/www.petra-eng.com\/de\/wp-json\/wp\/v2\/media\/76253"}],"wp:attachment":[{"href":"https:\/\/www.petra-eng.com\/de\/wp-json\/wp\/v2\/media?parent=76257"}],"wp:term":[{"taxonomy":"product_brand","embeddable":true,"href":"https:\/\/www.petra-eng.com\/de\/wp-json\/wp\/v2\/product_brand?post=76257"},{"taxonomy":"product_cat","embeddable":true,"href":"https:\/\/www.petra-eng.com\/de\/wp-json\/wp\/v2\/product_cat?post=76257"},{"taxonomy":"product_tag","embeddable":true,"href":"https:\/\/www.petra-eng.com\/de\/wp-json\/wp\/v2\/product_tag?post=76257"}],"curies":[{"name":"wp","href":"https:\/\/api.w.org\/{rel}","templated":true}]}}