{"id":76198,"date":"2017-03-10T11:28:50","date_gmt":"2017-03-10T09:28:50","guid":{"rendered":"https:\/\/www.petra-eng.com\/de\/?post_type=product&#038;p=76198"},"modified":"2018-03-29T12:34:02","modified_gmt":"2018-03-29T10:34:02","slug":"rwc","status":"publish","type":"product","link":"https:\/\/www.petra-eng.com\/de\/product\/rwc\/","title":{"rendered":"RWC"},"content":{"rendered":"","protected":false},"excerpt":{"rendered":"<p>Luftgek\u00fchlte K\u00e4ltemaschine f\u00fcr Wohnbereiche mit Scrollverdichtern<\/p>\n","protected":false},"featured_media":81239,"comment_status":"closed","ping_status":"closed","template":"","meta":[],"product_brand":[],"product_cat":[115],"product_tag":[258],"class_list":{"0":"post-76198","1":"product","2":"type-product","3":"status-publish","4":"has-post-thumbnail","6":"product_cat-kaeltemaschinen","7":"product_tag-chillers","9":"first","10":"instock","11":"shipping-taxable","12":"product-type-grouped"},"_links":{"self":[{"href":"https:\/\/www.petra-eng.com\/de\/wp-json\/wp\/v2\/product\/76198","targetHints":{"allow":["GET"]}}],"collection":[{"href":"https:\/\/www.petra-eng.com\/de\/wp-json\/wp\/v2\/product"}],"about":[{"href":"https:\/\/www.petra-eng.com\/de\/wp-json\/wp\/v2\/types\/product"}],"replies":[{"embeddable":true,"href":"https:\/\/www.petra-eng.com\/de\/wp-json\/wp\/v2\/comments?post=76198"}],"wp:featuredmedia":[{"embeddable":true,"href":"https:\/\/www.petra-eng.com\/de\/wp-json\/wp\/v2\/media\/81239"}],"wp:attachment":[{"href":"https:\/\/www.petra-eng.com\/de\/wp-json\/wp\/v2\/media?parent=76198"}],"wp:term":[{"taxonomy":"product_brand","embeddable":true,"href":"https:\/\/www.petra-eng.com\/de\/wp-json\/wp\/v2\/product_brand?post=76198"},{"taxonomy":"product_cat","embeddable":true,"href":"https:\/\/www.petra-eng.com\/de\/wp-json\/wp\/v2\/product_cat?post=76198"},{"taxonomy":"product_tag","embeddable":true,"href":"https:\/\/www.petra-eng.com\/de\/wp-json\/wp\/v2\/product_tag?post=76198"}],"curies":[{"name":"wp","href":"https:\/\/api.w.org\/{rel}","templated":true}]}}