{"id":76169,"date":"2017-03-09T23:13:36","date_gmt":"2017-03-09T21:13:36","guid":{"rendered":"https:\/\/www.petra-eng.com\/de\/product\/cm-series-air-handling-units-comfort-maker-copy-copy\/"},"modified":"2018-03-29T12:30:40","modified_gmt":"2018-03-29T10:30:40","slug":"pah-2","status":"publish","type":"product","link":"https:\/\/www.petra-eng.com\/de\/product\/pah-2\/","title":{"rendered":"PAH ohne K\u00e4ltebr\u00fccken"},"content":{"rendered":"","protected":false},"excerpt":{"rendered":"<div id=\"PageControllerID\" class=\"ng-scope\">\n<div id=\"ContentDiv\" class=\"ng-scope\">\n<div class=\"ng-scope\">\n<div class=\"ng-scope\">\n<section class=\"page-content ng-scope\">\n<div class=\"container\">\n<div class=\"row\">\n<div class=\"col-md-9\">\n<div class=\"col-md-12 col-sm-12 col-xs-12 ng-scope\">\n<div class=\"toch-prond-area ProductDetailsContent\">\n<div class=\"toch-box\">\n<div class=\"row\">\n<div class=\"col-xs-12\">\n<div class=\"tab-content toch-description-review\">\n<div id=\"TechnicalFeatures\" class=\"tab-pane fade active in\">\n<div class=\"row\">\n<div class=\"col-xs-12\">\n<div class=\"toch-description\">\n<p>Zentrall\u00fcftungsger\u00e4te ohne K\u00e4ltebr\u00fccken<\/p>\n<\/div>\n<\/div>\n<\/div>\n<\/div>\n<\/div>\n<\/div>\n<\/div>\n<\/div>\n<\/div>\n<\/div>\n<\/div>\n<\/div>\n<\/div>\n<\/section>\n<\/div>\n<\/div>\n<\/div>\n<\/div>\n","protected":false},"featured_media":79970,"comment_status":"closed","ping_status":"closed","template":"","meta":[],"product_brand":[],"product_cat":[98],"product_tag":[136],"class_list":{"0":"post-76169","1":"product","2":"type-product","3":"status-publish","4":"has-post-thumbnail","6":"product_cat-zentrallueftungsgeraete","7":"product_tag-air-handlers","9":"first","10":"instock","11":"shipping-taxable","12":"product-type-grouped"},"_links":{"self":[{"href":"https:\/\/www.petra-eng.com\/de\/wp-json\/wp\/v2\/product\/76169","targetHints":{"allow":["GET"]}}],"collection":[{"href":"https:\/\/www.petra-eng.com\/de\/wp-json\/wp\/v2\/product"}],"about":[{"href":"https:\/\/www.petra-eng.com\/de\/wp-json\/wp\/v2\/types\/product"}],"replies":[{"embeddable":true,"href":"https:\/\/www.petra-eng.com\/de\/wp-json\/wp\/v2\/comments?post=76169"}],"wp:featuredmedia":[{"embeddable":true,"href":"https:\/\/www.petra-eng.com\/de\/wp-json\/wp\/v2\/media\/79970"}],"wp:attachment":[{"href":"https:\/\/www.petra-eng.com\/de\/wp-json\/wp\/v2\/media?parent=76169"}],"wp:term":[{"taxonomy":"product_brand","embeddable":true,"href":"https:\/\/www.petra-eng.com\/de\/wp-json\/wp\/v2\/product_brand?post=76169"},{"taxonomy":"product_cat","embeddable":true,"href":"https:\/\/www.petra-eng.com\/de\/wp-json\/wp\/v2\/product_cat?post=76169"},{"taxonomy":"product_tag","embeddable":true,"href":"https:\/\/www.petra-eng.com\/de\/wp-json\/wp\/v2\/product_tag?post=76169"}],"curies":[{"name":"wp","href":"https:\/\/api.w.org\/{rel}","templated":true}]}}