{"id":76168,"date":"2017-03-09T23:13:34","date_gmt":"2017-03-09T21:13:34","guid":{"rendered":"https:\/\/www.petra-eng.com\/de\/product\/cm-series-air-handling-units-comfort-maker-copy\/"},"modified":"2018-03-29T12:30:04","modified_gmt":"2018-03-29T10:30:04","slug":"ahu-control-solution","status":"publish","type":"product","link":"https:\/\/www.petra-eng.com\/de\/product\/ahu-control-solution\/","title":{"rendered":"L\u00fcftungsger\u00e4teregelung"},"content":{"rendered":"","protected":false},"excerpt":{"rendered":"<div id=\"PageControllerID\">\n<div id=\"ContentDiv\">\n<section>\n<div id=\"TechnicalFeatures\">\n<p>Universelle Regelung f\u00fcr L\u00fcftungsger\u00e4te<\/p>\n<p>&nbsp;<\/p>\n<\/div>\n<\/section>\n<\/div>\n<\/div>\n","protected":false},"featured_media":76174,"comment_status":"closed","ping_status":"closed","template":"","meta":[],"product_brand":[],"product_cat":[98],"product_tag":[136],"class_list":{"0":"post-76168","1":"product","2":"type-product","3":"status-publish","4":"has-post-thumbnail","6":"product_cat-zentrallueftungsgeraete","7":"product_tag-air-handlers","9":"first","10":"instock","11":"shipping-taxable","12":"product-type-grouped"},"_links":{"self":[{"href":"https:\/\/www.petra-eng.com\/de\/wp-json\/wp\/v2\/product\/76168","targetHints":{"allow":["GET"]}}],"collection":[{"href":"https:\/\/www.petra-eng.com\/de\/wp-json\/wp\/v2\/product"}],"about":[{"href":"https:\/\/www.petra-eng.com\/de\/wp-json\/wp\/v2\/types\/product"}],"replies":[{"embeddable":true,"href":"https:\/\/www.petra-eng.com\/de\/wp-json\/wp\/v2\/comments?post=76168"}],"wp:featuredmedia":[{"embeddable":true,"href":"https:\/\/www.petra-eng.com\/de\/wp-json\/wp\/v2\/media\/76174"}],"wp:attachment":[{"href":"https:\/\/www.petra-eng.com\/de\/wp-json\/wp\/v2\/media?parent=76168"}],"wp:term":[{"taxonomy":"product_brand","embeddable":true,"href":"https:\/\/www.petra-eng.com\/de\/wp-json\/wp\/v2\/product_brand?post=76168"},{"taxonomy":"product_cat","embeddable":true,"href":"https:\/\/www.petra-eng.com\/de\/wp-json\/wp\/v2\/product_cat?post=76168"},{"taxonomy":"product_tag","embeddable":true,"href":"https:\/\/www.petra-eng.com\/de\/wp-json\/wp\/v2\/product_tag?post=76168"}],"curies":[{"name":"wp","href":"https:\/\/api.w.org\/{rel}","templated":true}]}}