{"id":82787,"date":"2018-02-11T22:06:54","date_gmt":"2018-02-11T20:06:54","guid":{"rendered":"https:\/\/www.petra-eng.com\/de\/?page_id=82787"},"modified":"2020-11-09T05:43:07","modified_gmt":"2020-11-09T05:43:07","slug":"wer-wir-sind","status":"publish","type":"page","link":"https:\/\/www.petra-eng.com\/de\/wer-wir-sind\/","title":{"rendered":"Wer wir sind"},"content":{"rendered":"<div class=\"wpb-content-wrapper\"><div class=\"vc_row wpb_row section vc_row-fluid \" style=' text-align:left;'><div class=\" full_section_inner clearfix\"><div class=\"wpb_column vc_column_container vc_col-sm-12\"><div class=\"vc_column-inner\"><div class=\"wpb_wrapper\"><div class='q_elements_holder two_columns responsive_mode_from_1000' ><div class='q_elements_item ' data-animation='no' data-item-class='q_elements_holder_custom_964494'><div class='q_elements_item_inner'><div class='q_elements_item_content q_elements_holder_custom_964494' style='padding:10px 4% 10px 4%'>\n\t<div class=\"wpb_text_column wpb_content_element \">\n\t\t<div class=\"wpb_wrapper\">\n\t\t\t<h3>Wer wir sind<\/h3>\n\n\t\t<\/div>\n\t<\/div><div class=\"separator  small left  \" style=\"margin-top: 6px;margin-bottom: 15px;height: 1px;width: 80px;\"><\/div><div class=\"separator  transparent   \" style=\"margin-top: 6px;margin-bottom: 15px;\"><\/div>\n\t<div class=\"wpb_text_column wpb_content_element \">\n\t\t<div class=\"wpb_wrapper\">\n\t\t\t<p>PETRA wurde 1987 mit der Vision gegr\u00fcndet, ein umfassendes Spektrum an Heizungs\u2011, L\u00fcftungs\u2011 und Klimatisierungsger\u00e4ten (HVAC-Ger\u00e4te) f\u00fcr eine Vielzahl von Anwendungen f\u00fcr den weltweiten Markt herzustellen.<\/p>\n<p>Dank der erfolgreichen Unternehmens\u2011 und Gesch\u00e4ftsstrategie erreichte Petra innerhalb kurzer Zeit eine Marktposition, in der das Unternehmen mit seit Langem etablierten Unternehmen konkurrieren kann.<\/p>\n<p>1994 erweiterte Petra seine Palette von HVAC-Ger\u00e4ten und setzte hierf\u00fcr in der Branche f\u00fchrende hochmoderne Maschinen, Komponenten und Rohstoffe ein, um h\u00f6chsten Qualit\u00e4ts\u2011 und Wirtschaftlichkeitsstandards gerecht zu werden.<\/p>\n<p>Ausr\u00fcstungen und Anlagen von Petra erwarben sich sehr schnell einen ausgezeichneten Ruf in \u00fcber 20 L\u00e4ndern weltweit. Seit Beginn des neuen Jahrtausends entwickelt und fertigt Petra ein breites Spektrum hochwertiger HVAC-Ger\u00e4te f\u00fcr kommerzielle und industrielle Anforderungen. Mit strategischem Geschick und hervorragenden Produkten gelang Petra auch der Sprung auf den US-amerikanischen Markt.<\/p>\n\n\t\t<\/div>\n\t<\/div><div class=\"separator  transparent   \" style=\"margin-top: 31px;margin-bottom: 0px;height: 1px;\"><\/div><\/div><\/div><\/div><div class='q_elements_item ' data-animation='no' data-item-class='q_elements_holder_custom_495569'><div class='q_elements_item_inner'><div class='q_elements_item_content q_elements_holder_custom_495569' style='padding:0px 0px 0px 0px'>\n\t<div class=\"wpb_single_image wpb_content_element vc_align_center\">\n\t\t<div class=\"wpb_wrapper\">\n\t\t\t\n\t\t\t<div class=\"vc_single_image-wrapper   vc_box_border_grey\"><img loading=\"lazy\" decoding=\"async\" width=\"960\" height=\"600\" src=\"https:\/\/www.petra-eng.com\/de\/wp-content\/uploads\/2015\/05\/about-.jpg\" class=\"vc_single_image-img attachment-full\" alt=\"\" title=\"about-\" srcset=\"https:\/\/www.petra-eng.com\/de\/wp-content\/uploads\/2015\/05\/about-.jpg 960w, https:\/\/www.petra-eng.com\/de\/wp-content\/uploads\/2015\/05\/about--300x188.jpg 300w, https:\/\/www.petra-eng.com\/de\/wp-content\/uploads\/2015\/05\/about--800x500.jpg 800w, https:\/\/www.petra-eng.com\/de\/wp-content\/uploads\/2015\/05\/about--768x480.jpg 768w, https:\/\/www.petra-eng.com\/de\/wp-content\/uploads\/2015\/05\/about--700x438.jpg 700w, https:\/\/www.petra-eng.com\/de\/wp-content\/uploads\/2015\/05\/about--20x13.jpg 20w\" sizes=\"auto, (max-width: 960px) 100vw, 960px\" \/><\/div>\n\t\t<\/div>\n\t<\/div>\n<\/div><\/div><\/div><\/div><\/div><\/div><\/div><\/div><\/div><div      class=\"vc_row wpb_row section vc_row-fluid \" style=' text-align:left;'><div class=\" full_section_inner clearfix\"><div class=\"wpb_column vc_column_container vc_col-sm-12\"><div class=\"vc_column-inner\"><div class=\"wpb_wrapper\"><div class='q_elements_holder two_columns responsive_mode_from_1000' ><div class='q_elements_item ' data-animation='no' data-item-class='q_elements_holder_custom_847694'><div class='q_elements_item_inner'><div class='q_elements_item_content q_elements_holder_custom_847694' style='padding:0px 0px 0px 0px'><div class=\"wpb_gallery wpb_content_element vc_clearfix\"><div class=\"wpb_wrapper\"><div class=\"wpb_gallery_slides wpb_flexslider flexslider_fade flexslider\" data-interval=\"3\" data-flex_fx=\"fade\"><ul class=\"slides\"><li><a itemprop=\"image\" class=\"qode-prettyphoto\" href=\"https:\/\/www.petra-eng.com\/de\/wp-content\/uploads\/2015\/05\/petra2017-800x500.jpg\" data-rel=\"prettyPhoto[rel-82787-3628359253]\"><img loading=\"lazy\" decoding=\"async\" width=\"960\" height=\"600\" src=\"https:\/\/www.petra-eng.com\/de\/wp-content\/uploads\/2015\/05\/petra2017.jpg\" class=\"attachment-full\" alt=\"\" title=\"petra2017\" srcset=\"https:\/\/www.petra-eng.com\/de\/wp-content\/uploads\/2015\/05\/petra2017.jpg 960w, https:\/\/www.petra-eng.com\/de\/wp-content\/uploads\/2015\/05\/petra2017-300x188.jpg 300w, https:\/\/www.petra-eng.com\/de\/wp-content\/uploads\/2015\/05\/petra2017-800x500.jpg 800w, https:\/\/www.petra-eng.com\/de\/wp-content\/uploads\/2015\/05\/petra2017-768x480.jpg 768w, https:\/\/www.petra-eng.com\/de\/wp-content\/uploads\/2015\/05\/petra2017-700x438.jpg 700w, https:\/\/www.petra-eng.com\/de\/wp-content\/uploads\/2015\/05\/petra2017-20x13.jpg 20w\" sizes=\"auto, (max-width: 960px) 100vw, 960px\" \/><\/a><\/li><li><a itemprop=\"image\" class=\"qode-prettyphoto\" href=\"https:\/\/www.petra-eng.com\/de\/wp-content\/uploads\/2015\/05\/petra2001-800x500.jpg\" data-rel=\"prettyPhoto[rel-82787-3628359253]\"><img loading=\"lazy\" decoding=\"async\" width=\"960\" height=\"600\" src=\"https:\/\/www.petra-eng.com\/de\/wp-content\/uploads\/2015\/05\/petra2001.jpg\" class=\"attachment-full\" alt=\"\" title=\"petra2001\" srcset=\"https:\/\/www.petra-eng.com\/de\/wp-content\/uploads\/2015\/05\/petra2001.jpg 960w, https:\/\/www.petra-eng.com\/de\/wp-content\/uploads\/2015\/05\/petra2001-300x188.jpg 300w, https:\/\/www.petra-eng.com\/de\/wp-content\/uploads\/2015\/05\/petra2001-800x500.jpg 800w, https:\/\/www.petra-eng.com\/de\/wp-content\/uploads\/2015\/05\/petra2001-768x480.jpg 768w, https:\/\/www.petra-eng.com\/de\/wp-content\/uploads\/2015\/05\/petra2001-700x438.jpg 700w, https:\/\/www.petra-eng.com\/de\/wp-content\/uploads\/2015\/05\/petra2001-20x13.jpg 20w\" sizes=\"auto, (max-width: 960px) 100vw, 960px\" \/><\/a><\/li><li><a itemprop=\"image\" class=\"qode-prettyphoto\" href=\"https:\/\/www.petra-eng.com\/de\/wp-content\/uploads\/2015\/05\/petra1995-800x500.jpg\" data-rel=\"prettyPhoto[rel-82787-3628359253]\"><img loading=\"lazy\" decoding=\"async\" width=\"960\" height=\"600\" src=\"https:\/\/www.petra-eng.com\/de\/wp-content\/uploads\/2015\/05\/petra1995.jpg\" class=\"attachment-full\" alt=\"\" title=\"petra1995\" srcset=\"https:\/\/www.petra-eng.com\/de\/wp-content\/uploads\/2015\/05\/petra1995.jpg 960w, https:\/\/www.petra-eng.com\/de\/wp-content\/uploads\/2015\/05\/petra1995-300x188.jpg 300w, https:\/\/www.petra-eng.com\/de\/wp-content\/uploads\/2015\/05\/petra1995-800x500.jpg 800w, https:\/\/www.petra-eng.com\/de\/wp-content\/uploads\/2015\/05\/petra1995-768x480.jpg 768w, https:\/\/www.petra-eng.com\/de\/wp-content\/uploads\/2015\/05\/petra1995-700x438.jpg 700w, https:\/\/www.petra-eng.com\/de\/wp-content\/uploads\/2015\/05\/petra1995-20x13.jpg 20w\" sizes=\"auto, (max-width: 960px) 100vw, 960px\" \/><\/a><\/li><li><a itemprop=\"image\" class=\"qode-prettyphoto\" href=\"https:\/\/www.petra-eng.com\/de\/wp-content\/uploads\/2015\/05\/petra-mafraq-800x500.jpg\" data-rel=\"prettyPhoto[rel-82787-3628359253]\"><img loading=\"lazy\" decoding=\"async\" width=\"960\" height=\"600\" src=\"https:\/\/www.petra-eng.com\/de\/wp-content\/uploads\/2015\/05\/petra-mafraq.jpg\" class=\"attachment-full\" alt=\"\" title=\"petra-mafraq\" srcset=\"https:\/\/www.petra-eng.com\/de\/wp-content\/uploads\/2015\/05\/petra-mafraq.jpg 960w, https:\/\/www.petra-eng.com\/de\/wp-content\/uploads\/2015\/05\/petra-mafraq-300x188.jpg 300w, https:\/\/www.petra-eng.com\/de\/wp-content\/uploads\/2015\/05\/petra-mafraq-800x500.jpg 800w, https:\/\/www.petra-eng.com\/de\/wp-content\/uploads\/2015\/05\/petra-mafraq-768x480.jpg 768w, https:\/\/www.petra-eng.com\/de\/wp-content\/uploads\/2015\/05\/petra-mafraq-700x438.jpg 700w, https:\/\/www.petra-eng.com\/de\/wp-content\/uploads\/2015\/05\/petra-mafraq-20x13.jpg 20w\" sizes=\"auto, (max-width: 960px) 100vw, 960px\" \/><\/a><\/li><\/ul><\/div><\/div><\/div><\/div><\/div><\/div><div class='q_elements_item ' data-animation='no' data-item-class='q_elements_holder_custom_934438'><div class='q_elements_item_inner'><div class='q_elements_item_content q_elements_holder_custom_934438' style='padding:10px 4% 10px 4%'><div class=\"separator  transparent   \" style=\"margin-top: -8px;height: 1px;\"><\/div>\n\t<div class=\"wpb_text_column wpb_content_element \">\n\t\t<div class=\"wpb_wrapper\">\n\t\t\t<p>Die USA sind einer der am h\u00e4rtesten umk\u00e4mpften und schwierigsten M\u00e4rkte und der Markterfolg dort war und ist ein sehr bedeutender Meilenstein in der Erfolgsgeschichte von Petra. Mit gro\u00dfem Engagement exportiert Petra die Produkte des Unternehmens in die USA und in \u00fcber 50 L\u00e4nder weltweit.<\/p>\n<p>Das Unternehmen ist im Laufe der Jahre stark gewachsen. In Jordanien unterh\u00e4lt Petra Produktionsst\u00e4tten mit einer Fl\u00e4che von deutlich \u00fcber 300.000\u00a0m\u00b2 und besch\u00e4ftigt dort \u00fcber 2.000 hochqualifizierte technische und kaufm\u00e4nnische Mitarbeiter. Um die weltweit steigende Nachfrage nach Produkten von Petra zu befriedigen, hat das Unternehmen im Rahmen eines Expansionsprogramms ein Werk im jordanischen Mafraq mit einer Fl\u00e4che von 200.000\u00a0m\u00b2 sowie ein neues Werk mit einer Fl\u00e4che von 45.000\u00a0m\u00b2 in King Abdullah Economic City in Saudi-Arabien errichtet.<\/p>\n<p>Heute ist Petra Engineering Industries Co. Marktf\u00fchrer in der Konstruktion und Fertigung komplexer, hochwertiger HVAC-Anlagen f\u00fcr kommerziellen und industriellen Einsatz. Das Unternehmen wird auch k\u00fcnftig seine Kunden mit Produkten und dem Gegenwert, den sie von uns erwarten, beliefern. Durch Innovationen und hohe Qualit\u00e4t.<\/p>\n\n\t\t<\/div>\n\t<\/div><div class=\"separator  transparent   \" style=\"margin-top: 31px;margin-bottom: 0px;height: 1px;\"><\/div><\/div><\/div><\/div><\/div><\/div><\/div><\/div><\/div><\/div><div      class=\"vc_row wpb_row section vc_row-fluid \" style=' text-align:left;'><div class=\" full_section_inner clearfix\"><div class=\"wpb_column vc_column_container vc_col-sm-12\"><div class=\"vc_column-inner\"><div class=\"wpb_wrapper\"><div class='q_elements_holder two_columns responsive_mode_from_1000' ><div class='q_elements_item ' data-animation='no' data-item-class='q_elements_holder_custom_602170'><div class='q_elements_item_inner'><div class='q_elements_item_content q_elements_holder_custom_602170' style='padding:10px 4% 10px 4%'>\n\t<div class=\"wpb_text_column wpb_content_element \">\n\t\t<div class=\"wpb_wrapper\">\n\t\t\t<p><strong>Unsere Philosophie<\/strong><\/p>\n\n\t\t<\/div>\n\t<\/div><div class=\"separator  small left  \" style=\"margin-top: 6px;margin-bottom: 15px;height: 1px;width: 80px;\"><\/div>\n\t<div class=\"wpb_text_column wpb_content_element  vc_custom_1520624428456\">\n\t\t<div class=\"wpb_wrapper\">\n\t\t\t<ul>\n<li>Innovationen und Exzellenz<\/li>\n<li>Hohe Qualit\u00e4t dank Total Quality Management (TQM)<\/li>\n<li>Investitionen in unsere Mitarbeiter<\/li>\n<li>Teamwork: W\u00fcrdigung des Stellenwerts unserer Mitarbeiter<\/li>\n<li>Enge Zusammenarbeit mit unseren Kunden<\/li>\n<li>Respekt und H\u00f6flichkeit gegen\u00fcber unseren Kunden und Mitarbeitern<\/li>\n<\/ul>\n\n\t\t<\/div>\n\t<\/div><div class=\"separator  transparent   \" style=\"margin-top: 31px;margin-bottom: 0px;height: 1px;\"><\/div><\/div><\/div><\/div><div class='q_elements_item ' data-animation='no' data-item-class='q_elements_holder_custom_270438'><div class='q_elements_item_inner'><div class='q_elements_item_content q_elements_holder_custom_270438' style='padding:0px 0px 0px 0px'>\n\t<div class=\"wpb_single_image wpb_content_element vc_align_center\">\n\t\t<div class=\"wpb_wrapper\">\n\t\t\t\n\t\t\t<div class=\"vc_single_image-wrapper   vc_box_border_grey\"><img loading=\"lazy\" decoding=\"async\" width=\"960\" height=\"600\" src=\"https:\/\/www.petra-eng.com\/de\/wp-content\/uploads\/2015\/05\/team.jpg\" class=\"vc_single_image-img attachment-full\" alt=\"\" title=\"team\" srcset=\"https:\/\/www.petra-eng.com\/de\/wp-content\/uploads\/2015\/05\/team.jpg 960w, https:\/\/www.petra-eng.com\/de\/wp-content\/uploads\/2015\/05\/team-300x188.jpg 300w, https:\/\/www.petra-eng.com\/de\/wp-content\/uploads\/2015\/05\/team-800x500.jpg 800w, https:\/\/www.petra-eng.com\/de\/wp-content\/uploads\/2015\/05\/team-768x480.jpg 768w, https:\/\/www.petra-eng.com\/de\/wp-content\/uploads\/2015\/05\/team-700x438.jpg 700w, https:\/\/www.petra-eng.com\/de\/wp-content\/uploads\/2015\/05\/team-20x13.jpg 20w\" sizes=\"auto, (max-width: 960px) 100vw, 960px\" \/><\/div>\n\t\t<\/div>\n\t<\/div>\n<\/div><\/div><\/div><\/div><\/div><\/div><\/div><\/div><\/div><div      class=\"vc_row wpb_row section vc_row-fluid \" style=' text-align:left;'><div class=\" full_section_inner clearfix\"><div class=\"wpb_column vc_column_container vc_col-sm-12\"><div class=\"vc_column-inner\"><div class=\"wpb_wrapper\"><div class='q_elements_holder two_columns responsive_mode_from_1000' ><div class='q_elements_item ' data-animation='no' data-item-class='q_elements_holder_custom_813845'><div class='q_elements_item_inner'><div class='q_elements_item_content q_elements_holder_custom_813845' style='padding:0px 0px 0px 0px'><div class=\"qode_video_box\">\n\t<a itemprop=\"image\" class=\"qode_video_image\" href=\"https:\/\/www.youtube.com\/watch?v=E9AUQ8kI3T4\" data-rel=\"prettyPhoto\">\n\t\t\t\t\t<img loading=\"lazy\" decoding=\"async\" width=\"960\" height=\"600\" src=\"https:\/\/www.petra-eng.com\/de\/wp-content\/uploads\/2015\/05\/saudi-arabia.jpg\" class=\"attachment-full size-full\" alt=\"\" srcset=\"https:\/\/www.petra-eng.com\/de\/wp-content\/uploads\/2015\/05\/saudi-arabia.jpg 960w, https:\/\/www.petra-eng.com\/de\/wp-content\/uploads\/2015\/05\/saudi-arabia-300x188.jpg 300w, https:\/\/www.petra-eng.com\/de\/wp-content\/uploads\/2015\/05\/saudi-arabia-800x500.jpg 800w, https:\/\/www.petra-eng.com\/de\/wp-content\/uploads\/2015\/05\/saudi-arabia-768x480.jpg 768w, https:\/\/www.petra-eng.com\/de\/wp-content\/uploads\/2015\/05\/saudi-arabia-700x438.jpg 700w, https:\/\/www.petra-eng.com\/de\/wp-content\/uploads\/2015\/05\/saudi-arabia-20x13.jpg 20w\" sizes=\"auto, (max-width: 960px) 100vw, 960px\" \/>\t\t\t<span class=\"qode_video_box_button_holder\">\n\t\t\t\t<span class=\"qode_video_box_button\">\n\t\t\t\t\t<span class=\"qode_video_box_button_arrow\">\n\t\t\t\t\t<\/span>\n\t\t\t\t<\/span>\n\t\t\t<\/span>\n\t\t\t<\/a>\n<\/div><\/div><\/div><\/div><div class='q_elements_item ' data-animation='no' data-item-class='q_elements_holder_custom_621734'><div class='q_elements_item_inner'><div class='q_elements_item_content q_elements_holder_custom_621734' style='padding:10px 4% 10px 4%'>\n\t<div class=\"wpb_text_column wpb_content_element \">\n\t\t<div class=\"wpb_wrapper\">\n\t\t\t<h3>Petra \u2013 K\u00f6nigreich Saudi-Arabien (KSA)<\/h3>\n\n\t\t<\/div>\n\t<\/div><div class=\"separator  small left  \" style=\"margin-top: 6px;margin-bottom: 15px;height: 1px;width: 80px;\"><\/div><div class=\"separator  transparent   \" style=\"margin-top: 15px;height: 6px;\"><\/div>\n\t<div class=\"wpb_text_column wpb_content_element \">\n\t\t<div class=\"wpb_wrapper\">\n\t\t\t<p>Das Werk von Petra im K\u00f6nigreich Saudi-Arabien befindet sich in King Abdullah Economic City in Rabigh. Auf einer Gesamtfl\u00e4che von 45.000\u00a0m\u00b2 sind dort 450 Mitarbeiter in den Bereichen Produktion, Forschung und Entwicklung, Management, Konstruktion, technischer Support, Vertrieb, Marketing sowie Kundendienst t\u00e4tig.<\/p>\n<p>Die strategische Lage von King Abdullah Economic City, die N\u00e4he zu einem modernen Hafen und ein Autobahnnetz zur Erschlie\u00dfung regionaler M\u00e4rkte, bieten eine Vielzahl logistischer Vorteile und damit gute Voraussetzungen f\u00fcr Wachstum.<\/p>\n<p>Petra hat mittels seiner Infrastruktur im K\u00f6nigreich Saudi-Arabien eine Reihe von Gro\u00dfprojekten f\u00fcr private und \u00f6ffentliche Auftraggeber in verschiedenen Regionen des K\u00f6nigreichs Saudi-Arabien in diversen Sektoren realisiert, darunter petrochemische Anlagen, Krankenh\u00e4user, Hotels, Shopping Malls, Moscheen und Universit\u00e4ten.<\/p>\n\n\t\t<\/div>\n\t<\/div><div class=\"separator  transparent   \" style=\"margin-top: 31px;margin-bottom: 0px;height: 1px;\"><\/div><\/div><\/div><\/div><\/div><\/div><\/div><\/div><\/div><\/div>\n<\/div>","protected":false},"excerpt":{"rendered":"Wer wir sind PETRA wurde 1987 mit der Vision gegr\u00fcndet, ein umfassendes Spektrum an Heizungs\u2011, L\u00fcftungs\u2011 und Klimatisierungsger\u00e4ten (HVAC-Ger\u00e4te) f\u00fcr eine Vielzahl von Anwendungen f\u00fcr den weltweiten Markt herzustellen. Dank der erfolgreichen Unternehmens\u2011 und Gesch\u00e4ftsstrategie erreichte Petra innerhalb kurzer Zeit eine Marktposition, in der das...","protected":false},"author":1,"featured_media":0,"parent":0,"menu_order":0,"comment_status":"closed","ping_status":"closed","template":"full_width.php","meta":{"footnotes":""},"class_list":["post-82787","page","type-page","status-publish","hentry"],"_links":{"self":[{"href":"https:\/\/www.petra-eng.com\/de\/wp-json\/wp\/v2\/pages\/82787","targetHints":{"allow":["GET"]}}],"collection":[{"href":"https:\/\/www.petra-eng.com\/de\/wp-json\/wp\/v2\/pages"}],"about":[{"href":"https:\/\/www.petra-eng.com\/de\/wp-json\/wp\/v2\/types\/page"}],"author":[{"embeddable":true,"href":"https:\/\/www.petra-eng.com\/de\/wp-json\/wp\/v2\/users\/1"}],"replies":[{"embeddable":true,"href":"https:\/\/www.petra-eng.com\/de\/wp-json\/wp\/v2\/comments?post=82787"}],"version-history":[{"count":8,"href":"https:\/\/www.petra-eng.com\/de\/wp-json\/wp\/v2\/pages\/82787\/revisions"}],"predecessor-version":[{"id":85931,"href":"https:\/\/www.petra-eng.com\/de\/wp-json\/wp\/v2\/pages\/82787\/revisions\/85931"}],"wp:attachment":[{"href":"https:\/\/www.petra-eng.com\/de\/wp-json\/wp\/v2\/media?parent=82787"}],"curies":[{"name":"wp","href":"https:\/\/api.w.org\/{rel}","templated":true}]}}