{"id":80011,"date":"2017-10-14T14:16:16","date_gmt":"2017-10-14T11:16:16","guid":{"rendered":"https:\/\/www.petra-eng.com\/de\/?page_id=80011"},"modified":"2020-11-10T08:56:15","modified_gmt":"2020-11-10T08:56:15","slug":"unsere-unternehmensphilosophie","status":"publish","type":"page","link":"https:\/\/www.petra-eng.com\/de\/unsere-unternehmensphilosophie\/","title":{"rendered":"Unsere Unternehmensphilosophie"},"content":{"rendered":"<div class=\"wpb-content-wrapper\"><div class=\"vc_row wpb_row section vc_row-fluid \" style=' text-align:left;'><div class=\" full_section_inner clearfix\"><div class=\"wpb_column vc_column_container vc_col-sm-12\"><div class=\"vc_column-inner\"><div class=\"wpb_wrapper\"><div class=\"ult-spacer spacer-69dedd304eb31\" data-id=\"69dedd304eb31\" data-height=\"20\" data-height-mobile=\"20\" data-height-tab=\"20\" data-height-tab-portrait=\"\" data-height-mobile-landscape=\"\" style=\"clear:both;display:block;\"><\/div><\/div><\/div><\/div><\/div><\/div><div      class=\"vc_row wpb_row section vc_row-fluid \" style=' text-align:left;'><div class=\" full_section_inner clearfix\"><div class=\"wpb_column vc_column_container vc_col-sm-12\"><div class=\"vc_column-inner\"><div class=\"wpb_wrapper\"><div class='q_elements_holder two_columns responsive_mode_from_1000' ><div class='q_elements_item ' data-animation='no' data-item-class='q_elements_holder_custom_487159'><div class='q_elements_item_inner'><div class='q_elements_item_content q_elements_holder_custom_487159' style='padding:10px 5% 10px 5%'>\n\t<div class=\"wpb_text_column wpb_content_element \">\n\t\t<div class=\"wpb_wrapper\">\n\t\t\t<h3><span style=\"color: #333333;\">Die Qualit\u00e4ts und Umweltpolitik von Petra<\/span><\/h3>\n\n\t\t<\/div>\n\t<\/div><div class=\"separator  small left  \" style=\"margin-top: 6px;margin-bottom: 15px;\"><\/div><div class=\"separator  transparent   \" style=\"margin-top: 15px;height: 6px;\"><\/div>\n\t<div class=\"wpb_text_column wpb_content_element \">\n\t\t<div class=\"wpb_wrapper\">\n\t\t\t<p>Petra Engineering Industries Co. genie\u00dft in der Region einen ausgezeichneten Ruf als Hersteller technisch anspruchsvoller und hochwertiger HVAC-Ger\u00e4te. Petra ist nach ISO 9001:2015 f\u00fcr das Qualit\u00e4ts\u2011 sowie nach ISO 14001:2015 f\u00fcr das Umweltmanagement zertifiziert, f\u00fchrt das CE\u2011 und EMV-Zeichen, ist UL\u2011 und ETL-gelistet und verf\u00fcgt \u00fcber AHRI-Zertifizierungen f\u00fcr alle wesentlichen Produkte des Unternehmens.<\/p>\n<p>Weiterhin sind unsere Zentrall\u00fcftungsger\u00e4te EUROVENT-zertifiziert und wir f\u00fchren Energieeffizienzzertifikate (EER) auf dem saudi-arabischen Markt f\u00fcr dort heimische Produkte. Petra erhielt als Auszeichnung f\u00fcr Exzellenz zweimal hintereinander den \u201eKing Abdullah\u00a0II Award for Excellence\u201c, im Jahr 2002 und wieder im Jahr 2004 f\u00fcr die Kategorie \u201eMaschinenbau\u201c. 2005 wurde Petra als erstes Unternehmen in Jordanien in das \u201eGolden List Program\u201c aufgenommen, in dem die jordanischen Zollbeh\u00f6rden best\u00e4tigen, dass Exportprodukte von Petra in die Kategorie risikoarmer Produkte eingestuft werden. Des Weiteren wurde Petra im Jahr 2005 von der MENA-OECD in der Kategorie \u201eSignificant Employment Generating Investment\u201c als Investor des Jahres ausgezeichnet. Petra hat f\u00fcr s\u00e4mtliche Produkte des Unternehmens das jordanische Qualit\u00e4tssiegel (JQM) sowie f\u00fcr s\u00e4mtliche Produkte f\u00fcr den jordanischen Markt das Energieeffizienzsiegel (EER) erhalten.<\/p>\n<p>Petra bekennt sich als Unternehmen zu seiner Verantwortung f\u00fcr Qualit\u00e4t und Umwelt sowie zu seiner Verpflichtung zur Lieferung von Produkten dauerhafter Qualit\u00e4t und zur Minimierung der Folgen f\u00fcr die Umwelt, die durch unsere Wirtschaftst\u00e4tigkeit und den Betrieb unserer Produkte entstehen k\u00f6nnen. Petra hat sich folgende Ziele gesetzt:<\/p>\n\n\t\t<\/div>\n\t<\/div><div class=\"separator  transparent   \" style=\"margin-top: 31px;margin-bottom: 0px;height: 1px;\"><\/div><\/div><\/div><\/div><div class='q_elements_item ' data-animation='no' data-item-class='q_elements_holder_custom_475157'><div class='q_elements_item_inner'><div class='q_elements_item_content q_elements_holder_custom_475157' style='padding:0px 0px 0px 0px'>\n\t<div class=\"wpb_single_image wpb_content_element vc_align_center\">\n\t\t<div class=\"wpb_wrapper\">\n\t\t\t\n\t\t\t<div class=\"vc_single_image-wrapper   vc_box_border_grey\"><img loading=\"lazy\" decoding=\"async\" width=\"960\" height=\"600\" src=\"https:\/\/www.petra-eng.com\/de\/wp-content\/uploads\/2017\/10\/policy1.jpg\" class=\"vc_single_image-img attachment-full\" alt=\"\" title=\"Policy1\" srcset=\"https:\/\/www.petra-eng.com\/de\/wp-content\/uploads\/2017\/10\/policy1.jpg 960w, https:\/\/www.petra-eng.com\/de\/wp-content\/uploads\/2017\/10\/policy1-300x188.jpg 300w, https:\/\/www.petra-eng.com\/de\/wp-content\/uploads\/2017\/10\/policy1-800x500.jpg 800w, https:\/\/www.petra-eng.com\/de\/wp-content\/uploads\/2017\/10\/policy1-768x480.jpg 768w, https:\/\/www.petra-eng.com\/de\/wp-content\/uploads\/2017\/10\/policy1-700x438.jpg 700w\" sizes=\"auto, (max-width: 960px) 100vw, 960px\" \/><\/div>\n\t\t<\/div>\n\t<\/div>\n<\/div><\/div><\/div><\/div><\/div><\/div><\/div><\/div><\/div><div      class=\"vc_row wpb_row section vc_row-fluid  grid_section\" style=' text-align:left;'><div class=\" section_inner clearfix\"><div class='section_inner_margin clearfix'><div class=\"wpb_column vc_column_container vc_col-sm-8\"><div class=\"vc_column-inner\"><div class=\"wpb_wrapper\"><div class='service_table_holder' style=&#039;border-style:solid;border-width:1px;border-color:#333333;&#039;><ul class='service_table_inner'><li class='service_table_title_holder background_color_type' style='background-color: #333333;'><div class='service_table_title_inner'><div class='service_table_title_inner2'><h3 class='service_title' style='color: #ffffff;'>Qualit\u00e4t<\/h3><\/div><\/div><\/li><li class='service_table_content' style=''><\/p>\n<ul>\n<li>Herstellung von Ger\u00e4ten zur Klimatisierung und Erzeugung von K\u00e4lte durchweg hoher Qualit\u00e4t gem\u00e4\u00df Kundenanforderungen<\/li>\n<li>Qualifizierter Kundendienst<\/li>\n<li>Kontinuierliche Verbesserung von Konstruktion und Design sowie Modernisierung unserer Produkte<\/li>\n<li>Verbesserung der Produktionsprozesse<\/li>\n<li>Erschlie\u00dfung neuer M\u00e4rkte und Umsatzwachstum<\/li>\n<li>Steigerung der Zufriedenheit unserer Kunden mit Produkten und Dienstleistungen von Petra<\/li>\n<li>Einhaltung der einschl\u00e4gigen Arbeitsschutzstandards und Anwendung eines Arbeitsschutzmanagementsystems<\/li>\n<\/ul>\n<p><\/li><\/ul><\/div><\/div><\/div><\/div><div class=\"wpb_column vc_column_container vc_col-sm-4\"><div class=\"vc_column-inner\"><div class=\"wpb_wrapper\"><div class='service_table_holder' style=&#039;border-style:solid;border-width:1px;border-color:#333333;&#039;><ul class='service_table_inner'><li class='service_table_title_holder background_color_type' style='background-color: #333333;'><div class='service_table_title_inner'><div class='service_table_title_inner2'><h3 class='service_title' style='color: #ffffff;'>Umwelt<\/h3><\/div><\/div><\/li><li class='service_table_content' style=''><\/p>\n<ul>\n<li>Vermeidung von Abfall und Ausschuss durch geeignete Konstruktions- und Designma\u00dfnahmen, Achtsamkeit in der Produktion sowie sparsamer Einsatz nat\u00fcrlicher Ressourcen<\/li>\n<li>Minimierung von Energieeinsatz und Wasserverbrauch<\/li>\n<li>Minimierung des Gebrauchs umweltsch\u00e4dlicher Substanzen<\/li>\n<li>Minimierung und Kontrolle von Kraftstoff\u2011 und Wasserverbrauch<\/li>\n<\/ul>\n<p><\/li><\/ul><\/div><\/div><\/div><\/div><\/div><\/div><\/div><div      class=\"vc_row wpb_row section vc_row-fluid  grid_section\" style=' text-align:left;'><div class=\" section_inner clearfix\"><div class='section_inner_margin clearfix'><div class=\"wpb_column vc_column_container vc_col-sm-12\"><div class=\"vc_column-inner\"><div class=\"wpb_wrapper\"><div class=\"vc_empty_space\"  style=\"height: 30px\" >\n\t<span class=\"vc_empty_space_inner\">\n\t\t<span class=\"empty_space_image\"  ><\/span>\n\t<\/span>\n<\/div>\n\t<div class=\"wpb_text_column wpb_content_element \">\n\t\t<div class=\"wpb_wrapper\">\n\t\t\t<p><span style=\"font-size: 14pt;\">Das Unternehmen verpflichtet sich zur Beachtung folgender Unternehmerpflichten<\/span><\/p>\n\n\t\t<\/div>\n\t<\/div><div class=\"vc_empty_space\"  style=\"height: 30px\" >\n\t<span class=\"vc_empty_space_inner\">\n\t\t<span class=\"empty_space_image\"  ><\/span>\n\t<\/span>\n<\/div><\/div><\/div><\/div><\/div><\/div><\/div><div      class=\"vc_row wpb_row section vc_row-fluid  grid_section\" style=' text-align:left;'><div class=\" section_inner clearfix\"><div class='section_inner_margin clearfix'><div class=\"wpb_column vc_column_container vc_col-sm-8\"><div class=\"vc_column-inner\"><div class=\"wpb_wrapper\"><div class='service_table_holder' style=&#039;border-style:solid;border-width:1px;border-color:#333333;&#039;><ul class='service_table_inner'><li class='service_table_title_holder background_color_type' style='background-color: #333333;'><div class='service_table_title_inner'><div class='service_table_title_inner2'><h3 class='service_title' style='color: #ffffff;'>Qualit\u00e4t<\/h3><\/div><\/div><\/li><li class='service_table_content' style=''><\/p>\n<ul>\n<li>Gesetzliche und technische Vorschriften f\u00fcr Klimager\u00e4te<\/li>\n<li>Kontinuierliche Verbesserung des Qualit\u00e4tsmanagements<\/li>\n<li>Kontinuierliche Verbesserung des Arbeitsschutzes<\/li>\n<\/ul>\n<p><\/li><\/ul><\/div><\/div><\/div><\/div><div class=\"wpb_column vc_column_container vc_col-sm-4\"><div class=\"vc_column-inner\"><div class=\"wpb_wrapper\"><div class='service_table_holder' style=&#039;border-style:solid;border-width:1px;border-color:#333333;&#039;><ul class='service_table_inner'><li class='service_table_title_holder background_color_type' style='background-color: #333333;'><div class='service_table_title_inner'><div class='service_table_title_inner2'><h3 class='service_title' style='color: #ffffff;'>Umwelt<\/h3><\/div><\/div><\/li><li class='service_table_content' style=''><\/p>\n<ul>\n<li>Gesetzliche und weitere damit verbundene Umweltauflagen f\u00fcr Klimager\u00e4te<\/li>\n<li>Kontinuierliche Verbesserung des Umweltmanagementsystems<\/li>\n<\/ul>\n<p><\/li><\/ul><\/div><\/div><\/div><\/div><\/div><\/div><\/div><div      class=\"vc_row wpb_row section vc_row-fluid  grid_section\" style=' text-align:left;'><div class=\" section_inner clearfix\"><div class='section_inner_margin clearfix'><div class=\"wpb_column vc_column_container vc_col-sm-12\"><div class=\"vc_column-inner\"><div class=\"wpb_wrapper\"><div class=\"vc_empty_space\"  style=\"height: 20px\" >\n\t<span class=\"vc_empty_space_inner\">\n\t\t<span class=\"empty_space_image\"  ><\/span>\n\t<\/span>\n<\/div>\n\t<div class=\"wpb_text_column wpb_content_element \">\n\t\t<div class=\"wpb_wrapper\">\n\t\t\t<p>Das Unternehmen realisiert dies durch:<\/p>\n<ul>\n<li>Konsequente Umsetzung des Qualit\u00e4ts\u2011 und Umweltmanagementsystems gem\u00e4\u00df ISO 9001 und ISO 14001<\/li>\n<li>Etablierung von Qualit\u00e4ts\u2011 und Umweltmanagementprogrammen zur Erreichung der Ziele<\/li>\n<li>Ausbildung und Schulung der Mitarbeiter in der Handhabung des Qualit\u00e4ts\u2011 und Umweltmanagementsystems<\/li>\n<li>Regelm\u00e4\u00dfige interne Audits zur Umsetzung des Qualit\u00e4ts\u2011 und Umweltmanagementsystems<\/li>\n<li>Regelm\u00e4\u00dfige \u00dcberpr\u00fcfung des Qualit\u00e4ts\u2011 und Umweltmanagementsystems durch die Unternehmensleitung zur Gew\u00e4hrleistung von Kontinuit\u00e4t und Effektivit\u00e4t<\/li>\n<li>Anwendung der Grunds\u00e4tze sozialer Verantwortung gem\u00e4\u00df ISO\u00a026000<\/li>\n<\/ul>\n<p>Die Unternehmensleitung ist f\u00fcr die Einhaltung und Durchsetzung dieser Richtlinien zust\u00e4ndig. Dar\u00fcber hinaus ist der Qualit\u00e4ts\u2011 und Umweltverantwortliche unter Einbeziehung aller Mitarbeiter von Petra f\u00fcr die t\u00e4gliche Anwendung des Systems zust\u00e4ndig.<\/p>\n\n\t\t<\/div>\n\t<\/div><div class=\"vc_empty_space\"  style=\"height: 50px\" >\n\t<span class=\"vc_empty_space_inner\">\n\t\t<span class=\"empty_space_image\"  ><\/span>\n\t<\/span>\n<\/div><\/div><\/div><\/div><\/div><\/div><\/div><div      class=\"vc_row wpb_row section vc_row-fluid \" style=' text-align:left;'><div class=\" full_section_inner clearfix\"><div class=\"wpb_column vc_column_container vc_col-sm-12\"><div class=\"vc_column-inner\"><div class=\"wpb_wrapper\"><div class=\"ult-spacer spacer-69dedd3054d17\" data-id=\"69dedd3054d17\" data-height=\"50\" data-height-mobile=\"50\" data-height-tab=\"50\" data-height-tab-portrait=\"\" data-height-mobile-landscape=\"\" style=\"clear:both;display:block;\"><\/div><\/div><\/div><\/div><\/div><\/div>\n<\/div>","protected":false},"excerpt":{"rendered":"Die Qualit\u00e4ts und Umweltpolitik von Petra Petra Engineering Industries Co. genie\u00dft in der Region einen ausgezeichneten Ruf als Hersteller technisch anspruchsvoller und hochwertiger HVAC-Ger\u00e4te. Petra ist nach ISO 9001:2015 f\u00fcr das Qualit\u00e4ts\u2011 sowie nach ISO 14001:2015 f\u00fcr das Umweltmanagement zertifiziert, f\u00fchrt das CE\u2011 und EMV-Zeichen,...","protected":false},"author":1,"featured_media":0,"parent":0,"menu_order":0,"comment_status":"closed","ping_status":"closed","template":"full_width.php","meta":{"footnotes":""},"class_list":["post-80011","page","type-page","status-publish","hentry"],"_links":{"self":[{"href":"https:\/\/www.petra-eng.com\/de\/wp-json\/wp\/v2\/pages\/80011","targetHints":{"allow":["GET"]}}],"collection":[{"href":"https:\/\/www.petra-eng.com\/de\/wp-json\/wp\/v2\/pages"}],"about":[{"href":"https:\/\/www.petra-eng.com\/de\/wp-json\/wp\/v2\/types\/page"}],"author":[{"embeddable":true,"href":"https:\/\/www.petra-eng.com\/de\/wp-json\/wp\/v2\/users\/1"}],"replies":[{"embeddable":true,"href":"https:\/\/www.petra-eng.com\/de\/wp-json\/wp\/v2\/comments?post=80011"}],"version-history":[{"count":32,"href":"https:\/\/www.petra-eng.com\/de\/wp-json\/wp\/v2\/pages\/80011\/revisions"}],"predecessor-version":[{"id":85953,"href":"https:\/\/www.petra-eng.com\/de\/wp-json\/wp\/v2\/pages\/80011\/revisions\/85953"}],"wp:attachment":[{"href":"https:\/\/www.petra-eng.com\/de\/wp-json\/wp\/v2\/media?parent=80011"}],"curies":[{"name":"wp","href":"https:\/\/api.w.org\/{rel}","templated":true}]}}