{"id":75994,"date":"2017-03-09T10:58:34","date_gmt":"2017-03-09T08:58:34","guid":{"rendered":"https:\/\/www.petra-eng.com\/de\/?page_id=75994"},"modified":"2020-11-10T08:47:24","modified_gmt":"2020-11-10T08:47:24","slug":"warum-petra","status":"publish","type":"page","link":"https:\/\/www.petra-eng.com\/de\/warum-petra\/","title":{"rendered":"Warum Petra?"},"content":{"rendered":"<div class=\"wpb-content-wrapper\"><div class=\"vc_row wpb_row section vc_row-fluid \" style=' text-align:left;'><div class=\" full_section_inner clearfix\"><div class=\"wpb_column vc_column_container vc_col-sm-12\"><div class=\"vc_column-inner\"><div class=\"wpb_wrapper\"><div class=\"ult-spacer spacer-6a04a759cba2d\" data-id=\"6a04a759cba2d\" data-height=\"20\" data-height-mobile=\"20\" data-height-tab=\"20\" data-height-tab-portrait=\"\" data-height-mobile-landscape=\"\" style=\"clear:both;display:block;\"><\/div><\/div><\/div><\/div><\/div><\/div><div      class=\"vc_row wpb_row section vc_row-fluid \" style=' text-align:left;'><div class=\" full_section_inner clearfix\"><div class=\"wpb_column vc_column_container vc_col-sm-12\"><div class=\"vc_column-inner\"><div class=\"wpb_wrapper\"><div class='q_elements_holder two_columns responsive_mode_from_1000' ><div class='q_elements_item ' data-animation='no' data-item-class='q_elements_holder_custom_490001'><div class='q_elements_item_inner'><div class='q_elements_item_content q_elements_holder_custom_490001' style='padding:20px 9% 30px 9%'>\n\t<div class=\"wpb_text_column wpb_content_element \">\n\t\t<div class=\"wpb_wrapper\">\n\t\t\t<h3>Warum Petra?<\/h3>\n\n\t\t<\/div>\n\t<\/div><div class=\"separator  small left  \" style=\"margin-top: 6px;margin-bottom: 15px;height: 1px;width: 80px;\"><\/div><div class=\"separator  transparent   \" style=\"margin-top: 6px;margin-bottom: 15px;height: 1px;\"><\/div>\n\t<div class=\"wpb_text_column wpb_content_element \">\n\t\t<div class=\"wpb_wrapper\">\n\t\t\t<p>Dank seiner f\u00fchrenden Position und Agilit\u00e4t in Verbindung mit seiner innovativen Konstruktions\u2011, Design und Engineering-Kompetenz hat sich das Unternehmen die Wettbewerbsst\u00e4rke erarbeitet, die erforderlich ist, um hochwertige HVAC-Systeme erfolgreich anzubieten.<\/p>\n<p>Ziel ist es, den Kunden perfekte L\u00f6sungen in Bezug auf Energieeffizienz, geringe Schallemissionen und hohe Luftqualit\u00e4tsstandards durch den Einsatz kundenspezifischer und in der HVAC-Industrie vorbildlicher Technologien zu bieten.<\/p>\n<p>Die Ziele von Petra:<\/p>\n<ul>\n<li>Energieeffiziente Produkte \u2013 energiesparende L\u00f6sungen<\/li>\n<li>Ger\u00e4uscharme L\u00f6sungen<\/li>\n<li>Zuverl\u00e4ssigkeit \u2013 moderne Konstruktionen und hochwertige Komponenten<\/li>\n<li>Kommunikation \u2013 integrierte Kommunikationsprotokolle<\/li>\n<li>Kurze Liefer\u2011 und Vorlaufzeiten<\/li>\n<li>Kundendienst und Verf\u00fcgbarkeit von Ersatzteilen<\/li>\n<li>Laufende Forschung und Entwicklung<\/li>\n<\/ul>\n<p>Petra ist \u00fcberzeugt, dass Fortschritt auf Folgendem beruht:<\/p>\n<p>Qualit\u00e4t, Innovation, L\u00f6sungen im Einklang mit der Umwelt, angemessene Lieferzeiten, ausgezeichneter Kundendienst sowie wettbewerbsf\u00e4hige Preise zur Sicherung und Steigerung von Kundenzufriedenheit.<\/p>\n\n\t\t<\/div>\n\t<\/div><\/div><\/div><\/div><div class='q_elements_item ' data-animation='no' data-item-class='q_elements_holder_custom_964728'><div class='q_elements_item_inner'><div class='q_elements_item_content q_elements_holder_custom_964728' style='padding:0px 0px 0px 0px'>\n\t<div class=\"wpb_single_image wpb_content_element vc_align_center\">\n\t\t<div class=\"wpb_wrapper\">\n\t\t\t\n\t\t\t<div class=\"vc_single_image-wrapper   vc_box_border_grey\"><img decoding=\"async\" class=\"vc_single_image-img \" src=\"https:\/\/www.petra-eng.com\/de\/wp-content\/uploads\/2015\/05\/WhyPetra.jpg\" width=\"960\" height=\"706\" alt=\"Why+Petra\" title=\"Why+Petra\" loading=\"lazy\" \/><\/div>\n\t\t<\/div>\n\t<\/div>\n<\/div><\/div><\/div><\/div><\/div><\/div><\/div><\/div><\/div>\n<\/div>","protected":false},"excerpt":{"rendered":"Warum Petra? Dank seiner f\u00fchrenden Position und Agilit\u00e4t in Verbindung mit seiner innovativen Konstruktions\u2011, Design und Engineering-Kompetenz hat sich das Unternehmen die Wettbewerbsst\u00e4rke erarbeitet, die erforderlich ist, um hochwertige HVAC-Systeme erfolgreich anzubieten. Ziel ist es, den Kunden perfekte L\u00f6sungen in Bezug auf Energieeffizienz, geringe Schallemissionen...","protected":false},"author":1,"featured_media":0,"parent":0,"menu_order":0,"comment_status":"closed","ping_status":"closed","template":"full_width.php","meta":{"footnotes":""},"class_list":["post-75994","page","type-page","status-publish","hentry"],"_links":{"self":[{"href":"https:\/\/www.petra-eng.com\/de\/wp-json\/wp\/v2\/pages\/75994","targetHints":{"allow":["GET"]}}],"collection":[{"href":"https:\/\/www.petra-eng.com\/de\/wp-json\/wp\/v2\/pages"}],"about":[{"href":"https:\/\/www.petra-eng.com\/de\/wp-json\/wp\/v2\/types\/page"}],"author":[{"embeddable":true,"href":"https:\/\/www.petra-eng.com\/de\/wp-json\/wp\/v2\/users\/1"}],"replies":[{"embeddable":true,"href":"https:\/\/www.petra-eng.com\/de\/wp-json\/wp\/v2\/comments?post=75994"}],"version-history":[{"count":15,"href":"https:\/\/www.petra-eng.com\/de\/wp-json\/wp\/v2\/pages\/75994\/revisions"}],"predecessor-version":[{"id":85944,"href":"https:\/\/www.petra-eng.com\/de\/wp-json\/wp\/v2\/pages\/75994\/revisions\/85944"}],"wp:attachment":[{"href":"https:\/\/www.petra-eng.com\/de\/wp-json\/wp\/v2\/media?parent=75994"}],"curies":[{"name":"wp","href":"https:\/\/api.w.org\/{rel}","templated":true}]}}