{"id":106,"date":"2016-07-20T13:51:22","date_gmt":"2016-07-20T10:51:22","guid":{"rendered":"http:\/\/bridge62.qodeinteractive.com\/?page_id=106"},"modified":"2020-11-10T08:58:12","modified_gmt":"2020-11-10T08:58:12","slug":"projekte","status":"publish","type":"page","link":"https:\/\/www.petra-eng.com\/de\/projekte\/","title":{"rendered":"Projekte"},"content":{"rendered":"<div class=\"wpb-content-wrapper\"><div class=\"vc_row wpb_row section vc_row-fluid \" style=' text-align:left;'><div class=\" full_section_inner clearfix\"><div class=\"wpb_column vc_column_container vc_col-sm-12\"><div class=\"vc_column-inner\"><div class=\"wpb_wrapper\"><div class=\"ult-spacer spacer-6a06e67a77c97\" data-id=\"6a06e67a77c97\" data-height=\"20\" data-height-mobile=\"20\" data-height-tab=\"20\" data-height-tab-portrait=\"\" data-height-mobile-landscape=\"\" style=\"clear:both;display:block;\"><\/div><\/div><\/div><\/div><\/div><\/div><div      class=\"vc_row wpb_row section vc_row-fluid \" style=' text-align:left;'><div class=\" full_section_inner clearfix\"><div class=\"wpb_column vc_column_container vc_col-sm-12\"><div class=\"vc_column-inner\"><div class=\"wpb_wrapper\"><div id=\"ultimate-heading-16806a06e67a78659\" class=\"uvc-heading ult-adjust-bottom-margin ultimate-heading-16806a06e67a78659 uvc-9271 \" data-hspacer=\"no_spacer\"  data-halign=\"center\" style=\"text-align:center\"><div class=\"uvc-heading-spacer no_spacer\" style=\"top\"><\/div><div class=\"uvc-main-heading ult-responsive\"  data-ultimate-target='.uvc-heading.ultimate-heading-16806a06e67a78659 h2'  data-responsive-json-new='{\"font-size\":\"desktop:30px;\",\"line-height\":\"\"}' ><h2 style=\"font-weight:normal;\">Petra Produkte<\/h2><\/div><\/div><div class=\"vc_empty_space\"  style=\"height: 60px\" >\n\t<span class=\"vc_empty_space_inner\">\n\t\t<span class=\"empty_space_image\"  ><\/span>\n\t<\/span>\n<\/div>\n\t<div class=\"wpb_text_column wpb_content_element \">\n\t\t<div class=\"wpb_wrapper\">\n\t\t\t\r\n\t\t<div class=\"pcdfwoo-product-cat-wrp pcdfwoo_woocommerce design-1 \">\r\n\t\t\t<div class=\"pcdfwoo-product-cat pcdfwoo-clearfix\">\r\n\t\t\t\t\t\t\t\t\t<div class=\"pcdfwoo-medium-3 pcdfwoo-columns\">\r\n\t\t\t\t\t\t<div class=\"pcdfwoo-product-cat_inner\" style=\"height:300px;\">\r\n\t\t\t\t\t\t\t<a href=\"https:\/\/www.petra-eng.com\/de\/product-category\/abluftgeraete\/\">\r\n\t\t\t\t\t\t\t\t\t\t\t\t\t\t\t\t\t<img decoding=\"async\"  src=\"https:\/\/www.petra-eng.com\/de\/wp-content\/uploads\/2017\/03\/1-3-768x576.jpg\" alt=\"Abluftger\u00e4te\" \/>\r\n\t\t\t\t\t\t\t\t\t\t\t\t\t\t\t\t<div class=\"pcdfwoo_title\">Abluftger\u00e4te <span class=\"pcdfwoo_count\">1<\/span><\/div>\r\n\t\t\t\t\t\t\t<\/a>\r\n\t\t\t\t\t\t<\/div>\r\n\t\t\t\t\t<\/div>\r\n\t\t\t\t\t\t\t\t\t<div class=\"pcdfwoo-medium-3 pcdfwoo-columns\">\r\n\t\t\t\t\t\t<div class=\"pcdfwoo-product-cat_inner\" style=\"height:300px;\">\r\n\t\t\t\t\t\t\t<a href=\"https:\/\/www.petra-eng.com\/de\/product-category\/geblaesekonvektoren\/\">\r\n\t\t\t\t\t\t\t\t\t\t\t\t\t\t\t\t\t<img decoding=\"async\"  src=\"https:\/\/www.petra-eng.com\/de\/wp-content\/uploads\/2017\/03\/2-2-768x576.jpg\" alt=\"Gebl\u00e4sekonvektoren\" \/>\r\n\t\t\t\t\t\t\t\t\t\t\t\t\t\t\t\t<div class=\"pcdfwoo_title\">Gebl\u00e4sekonvektoren <span class=\"pcdfwoo_count\">5<\/span><\/div>\r\n\t\t\t\t\t\t\t<\/a>\r\n\t\t\t\t\t\t<\/div>\r\n\t\t\t\t\t<\/div>\r\n\t\t\t\t\t\t\t\t\t<div class=\"pcdfwoo-medium-3 pcdfwoo-columns\">\r\n\t\t\t\t\t\t<div class=\"pcdfwoo-product-cat_inner\" style=\"height:300px;\">\r\n\t\t\t\t\t\t\t<a href=\"https:\/\/www.petra-eng.com\/de\/product-category\/kaeltemaschinen\/\">\r\n\t\t\t\t\t\t\t\t\t\t\t\t\t\t\t\t\t<img decoding=\"async\"  src=\"https:\/\/www.petra-eng.com\/de\/wp-content\/uploads\/2017\/11\/VFD-Screw.jpg\" alt=\"K\u00e4ltemaschinen\" \/>\r\n\t\t\t\t\t\t\t\t\t\t\t\t\t\t\t\t<div class=\"pcdfwoo_title\">K\u00e4ltemaschinen <span class=\"pcdfwoo_count\">10<\/span><\/div>\r\n\t\t\t\t\t\t\t<\/a>\r\n\t\t\t\t\t\t<\/div>\r\n\t\t\t\t\t<\/div>\r\n\t\t\t\t\t\t\t\t\t<div class=\"pcdfwoo-medium-3 pcdfwoo-columns\">\r\n\t\t\t\t\t\t<div class=\"pcdfwoo-product-cat_inner\" style=\"height:300px;\">\r\n\t\t\t\t\t\t\t<a href=\"https:\/\/www.petra-eng.com\/de\/product-category\/kompaktgeraete\/\">\r\n\t\t\t\t\t\t\t\t\t\t\t\t\t\t\t\t\t<img decoding=\"async\"  src=\"https:\/\/www.petra-eng.com\/de\/wp-content\/uploads\/2017\/03\/3-3-768x576.jpg\" alt=\"Kompaktger\u00e4te\" \/>\r\n\t\t\t\t\t\t\t\t\t\t\t\t\t\t\t\t<div class=\"pcdfwoo_title\">Kompaktger\u00e4te <span class=\"pcdfwoo_count\">9<\/span><\/div>\r\n\t\t\t\t\t\t\t<\/a>\r\n\t\t\t\t\t\t<\/div>\r\n\t\t\t\t\t<\/div>\r\n\t\t\t\t\t\t\t\t\t<div class=\"pcdfwoo-medium-3 pcdfwoo-columns\">\r\n\t\t\t\t\t\t<div class=\"pcdfwoo-product-cat_inner\" style=\"height:300px;\">\r\n\t\t\t\t\t\t\t<a href=\"https:\/\/www.petra-eng.com\/de\/product-category\/kuehlung-von-rechnerraeumen\/\">\r\n\t\t\t\t\t\t\t\t\t\t\t\t\t\t\t\t\t<img decoding=\"async\"  src=\"https:\/\/www.petra-eng.com\/de\/wp-content\/uploads\/2017\/03\/2-1-768x576.jpg\" alt=\"K\u00fchlung von Rechnerr\u00e4umen\" \/>\r\n\t\t\t\t\t\t\t\t\t\t\t\t\t\t\t\t<div class=\"pcdfwoo_title\">K\u00fchlung von Rechnerr\u00e4umen <span class=\"pcdfwoo_count\">3<\/span><\/div>\r\n\t\t\t\t\t\t\t<\/a>\r\n\t\t\t\t\t\t<\/div>\r\n\t\t\t\t\t<\/div>\r\n\t\t\t\t\t\t\t\t\t<div class=\"pcdfwoo-medium-3 pcdfwoo-columns\">\r\n\t\t\t\t\t\t<div class=\"pcdfwoo-product-cat_inner\" style=\"height:300px;\">\r\n\t\t\t\t\t\t\t<a href=\"https:\/\/www.petra-eng.com\/de\/product-category\/split-geraete\/\">\r\n\t\t\t\t\t\t\t\t\t\t\t\t\t\t\t\t\t<img decoding=\"async\"  src=\"https:\/\/www.petra-eng.com\/de\/wp-content\/uploads\/2017\/03\/4-3-768x576.jpg\" alt=\"Split-Ger\u00e4te\" \/>\r\n\t\t\t\t\t\t\t\t\t\t\t\t\t\t\t\t<div class=\"pcdfwoo_title\">Split-Ger\u00e4te <span class=\"pcdfwoo_count\">4<\/span><\/div>\r\n\t\t\t\t\t\t\t<\/a>\r\n\t\t\t\t\t\t<\/div>\r\n\t\t\t\t\t<\/div>\r\n\t\t\t\t\t\t\t\t\t<div class=\"pcdfwoo-medium-3 pcdfwoo-columns\">\r\n\t\t\t\t\t\t<div class=\"pcdfwoo-product-cat_inner\" style=\"height:300px;\">\r\n\t\t\t\t\t\t\t<a href=\"https:\/\/www.petra-eng.com\/de\/product-category\/systeme-von-petra\/\">\r\n\t\t\t\t\t\t\t\t\t\t\t\t\t\t\t\t\t<img decoding=\"async\"  src=\"https:\/\/www.petra-eng.com\/de\/wp-content\/uploads\/2017\/03\/1-6-768x576.jpg\" alt=\"Systeme von Petra\" \/>\r\n\t\t\t\t\t\t\t\t\t\t\t\t\t\t\t\t<div class=\"pcdfwoo_title\">Systeme von Petra <span class=\"pcdfwoo_count\">3<\/span><\/div>\r\n\t\t\t\t\t\t\t<\/a>\r\n\t\t\t\t\t\t<\/div>\r\n\t\t\t\t\t<\/div>\r\n\t\t\t\t\t\t\t\t\t<div class=\"pcdfwoo-medium-3 pcdfwoo-columns\">\r\n\t\t\t\t\t\t<div class=\"pcdfwoo-product-cat_inner\" style=\"height:300px;\">\r\n\t\t\t\t\t\t\t<a href=\"https:\/\/www.petra-eng.com\/de\/product-category\/trockenkuehler\/\">\r\n\t\t\t\t\t\t\t\t\t\t\t\t\t\t\t\t\t<img decoding=\"async\"  src=\"https:\/\/www.petra-eng.com\/de\/wp-content\/uploads\/2017\/03\/1-2-768x576.jpg\" alt=\"Trockenk\u00fchler\" \/>\r\n\t\t\t\t\t\t\t\t\t\t\t\t\t\t\t\t<div class=\"pcdfwoo_title\">Trockenk\u00fchler <span class=\"pcdfwoo_count\">1<\/span><\/div>\r\n\t\t\t\t\t\t\t<\/a>\r\n\t\t\t\t\t\t<\/div>\r\n\t\t\t\t\t<\/div>\r\n\t\t\t\t\t\t\t\t\t<div class=\"pcdfwoo-medium-3 pcdfwoo-columns\">\r\n\t\t\t\t\t\t<div class=\"pcdfwoo-product-cat_inner\" style=\"height:300px;\">\r\n\t\t\t\t\t\t\t<a href=\"https:\/\/www.petra-eng.com\/de\/product-category\/zentrallueftungsgeraete\/\">\r\n\t\t\t\t\t\t\t\t\t\t\t\t\t\t\t\t\t<img decoding=\"async\"  src=\"https:\/\/www.petra-eng.com\/de\/wp-content\/uploads\/2017\/03\/THERMAL-768x576.jpg\" alt=\"Zentrall\u00fcftungsger\u00e4te\" \/>\r\n\t\t\t\t\t\t\t\t\t\t\t\t\t\t\t\t<div class=\"pcdfwoo_title\">Zentrall\u00fcftungsger\u00e4te <span class=\"pcdfwoo_count\">5<\/span><\/div>\r\n\t\t\t\t\t\t\t<\/a>\r\n\t\t\t\t\t\t<\/div>\r\n\t\t\t\t\t<\/div>\r\n\t\t\t\t\t\t\t<\/div>\r\n\t\t<\/div>\r\n\t\n\n\t\t<\/div>\n\t<\/div><\/div><\/div><\/div><\/div><\/div><div      class=\"vc_row wpb_row section vc_row-fluid \" style=' text-align:left;'><div class=\" full_section_inner clearfix\"><div class=\"wpb_column vc_column_container vc_col-sm-12\"><div class=\"vc_column-inner\"><div class=\"wpb_wrapper\"><div class=\"ult-spacer spacer-6a06e67a7bd1f\" data-id=\"6a06e67a7bd1f\" data-height=\"100\" data-height-mobile=\"100\" data-height-tab=\"100\" data-height-tab-portrait=\"\" data-height-mobile-landscape=\"\" style=\"clear:both;display:block;\"><\/div><\/div><\/div><\/div><\/div><\/div>\n<\/div>","protected":false},"excerpt":{"rendered":"Petra Produkte Abluftger\u00e4te 1 Gebl\u00e4sekonvektoren 5 K\u00e4ltemaschinen 10 Kompaktger\u00e4te 9 K\u00fchlung von Rechnerr\u00e4umen 3 Split-Ger\u00e4te 4 Systeme von Petra 3 Trockenk\u00fchler 1 Zentrall\u00fcftungsger\u00e4te 5","protected":false},"author":1,"featured_media":0,"parent":0,"menu_order":0,"comment_status":"closed","ping_status":"closed","template":"","meta":{"footnotes":""},"class_list":["post-106","page","type-page","status-publish","hentry"],"_links":{"self":[{"href":"https:\/\/www.petra-eng.com\/de\/wp-json\/wp\/v2\/pages\/106","targetHints":{"allow":["GET"]}}],"collection":[{"href":"https:\/\/www.petra-eng.com\/de\/wp-json\/wp\/v2\/pages"}],"about":[{"href":"https:\/\/www.petra-eng.com\/de\/wp-json\/wp\/v2\/types\/page"}],"author":[{"embeddable":true,"href":"https:\/\/www.petra-eng.com\/de\/wp-json\/wp\/v2\/users\/1"}],"replies":[{"embeddable":true,"href":"https:\/\/www.petra-eng.com\/de\/wp-json\/wp\/v2\/comments?post=106"}],"version-history":[{"count":11,"href":"https:\/\/www.petra-eng.com\/de\/wp-json\/wp\/v2\/pages\/106\/revisions"}],"predecessor-version":[{"id":85954,"href":"https:\/\/www.petra-eng.com\/de\/wp-json\/wp\/v2\/pages\/106\/revisions\/85954"}],"wp:attachment":[{"href":"https:\/\/www.petra-eng.com\/de\/wp-json\/wp\/v2\/media?parent=106"}],"curies":[{"name":"wp","href":"https:\/\/api.w.org\/{rel}","templated":true}]}}